{"id":6300,"date":"2023-05-31T12:31:41","date_gmt":"2023-05-31T09:31:41","guid":{"rendered":"https:\/\/kkf.lt\/product\/paruosta-valgyti-darzoviu-sriuba-minestrone\/"},"modified":"2024-03-20T13:11:19","modified_gmt":"2024-03-20T10:11:19","slug":"paruosta-valgyti-darzoviu-sriuba-minestrone","status":"publish","type":"product","link":"https:\/\/kkf.lt\/en\/product\/paruosta-valgyti-darzoviu-sriuba-minestrone\/","title":{"rendered":"MINESTRONE"},"content":{"rendered":"","protected":false},"featured_media":6125,"menu_order":-276,"template":"","product_cat":[28],"class_list":["post-6300","product","type-product","status-publish","has-post-thumbnail","hentry","product_cat-ready-meals"],"acf":[],"yoast_head":"<!-- This site is optimized with the Yoast SEO plugin v27.1.1 - https:\/\/yoast.com\/product\/yoast-seo-wordpress\/ -->\n<title>MINESTRONE - KKF<\/title>\n<meta name=\"robots\" content=\"index, follow, max-snippet:-1, max-image-preview:large, max-video-preview:-1\" \/>\n<link rel=\"canonical\" href=\"https:\/\/kkf.lt\/en\/product\/paruosta-valgyti-darzoviu-sriuba-minestrone\/\" \/>\n<meta property=\"og:locale\" content=\"en_US\" \/>\n<meta property=\"og:type\" content=\"article\" \/>\n<meta property=\"og:title\" content=\"MINESTRONE - KKF\" \/>\n<meta property=\"og:url\" content=\"https:\/\/kkf.lt\/en\/product\/paruosta-valgyti-darzoviu-sriuba-minestrone\/\" \/>\n<meta property=\"og:site_name\" content=\"KKF\" \/>\n<meta property=\"article:publisher\" content=\"https:\/\/www.facebook.com\/KedainiuKonservai\" \/>\n<meta property=\"article:modified_time\" content=\"2024-03-20T10:11:19+00:00\" \/>\n<meta property=\"og:image\" content=\"https:\/\/kkf.lt\/wp-content\/uploads\/2023\/05\/Kedainiu_konservai_Paruosta_valgyti_darzoviu_sriuba_Minestrone.png\" \/>\n\t<meta property=\"og:image:width\" content=\"1000\" \/>\n\t<meta property=\"og:image:height\" content=\"1000\" \/>\n\t<meta property=\"og:image:type\" content=\"image\/png\" \/>\n<meta name=\"twitter:card\" content=\"summary_large_image\" \/>\n<script type=\"application\/ld+json\" class=\"yoast-schema-graph\">{\"@context\":\"https:\/\/schema.org\",\"@graph\":[{\"@type\":\"WebPage\",\"@id\":\"https:\/\/kkf.lt\/en\/product\/paruosta-valgyti-darzoviu-sriuba-minestrone\/\",\"url\":\"https:\/\/kkf.lt\/en\/product\/paruosta-valgyti-darzoviu-sriuba-minestrone\/\",\"name\":\"MINESTRONE - KKF\",\"isPartOf\":{\"@id\":\"https:\/\/kkf.lt\/en\/#website\"},\"primaryImageOfPage\":{\"@id\":\"https:\/\/kkf.lt\/en\/product\/paruosta-valgyti-darzoviu-sriuba-minestrone\/#primaryimage\"},\"image\":{\"@id\":\"https:\/\/kkf.lt\/en\/product\/paruosta-valgyti-darzoviu-sriuba-minestrone\/#primaryimage\"},\"thumbnailUrl\":\"https:\/\/kkf.lt\/wp-content\/uploads\/2023\/05\/Kedainiu_konservai_Paruosta_valgyti_darzoviu_sriuba_Minestrone.png\",\"datePublished\":\"2023-05-31T09:31:41+00:00\",\"dateModified\":\"2024-03-20T10:11:19+00:00\",\"breadcrumb\":{\"@id\":\"https:\/\/kkf.lt\/en\/product\/paruosta-valgyti-darzoviu-sriuba-minestrone\/#breadcrumb\"},\"inLanguage\":\"en-US\",\"potentialAction\":[{\"@type\":\"ReadAction\",\"target\":[\"https:\/\/kkf.lt\/en\/product\/paruosta-valgyti-darzoviu-sriuba-minestrone\/\"]}]},{\"@type\":\"ImageObject\",\"inLanguage\":\"en-US\",\"@id\":\"https:\/\/kkf.lt\/en\/product\/paruosta-valgyti-darzoviu-sriuba-minestrone\/#primaryimage\",\"url\":\"https:\/\/kkf.lt\/wp-content\/uploads\/2023\/05\/Kedainiu_konservai_Paruosta_valgyti_darzoviu_sriuba_Minestrone.png\",\"contentUrl\":\"https:\/\/kkf.lt\/wp-content\/uploads\/2023\/05\/Kedainiu_konservai_Paruosta_valgyti_darzoviu_sriuba_Minestrone.png\",\"width\":1000,\"height\":1000},{\"@type\":\"BreadcrumbList\",\"@id\":\"https:\/\/kkf.lt\/en\/product\/paruosta-valgyti-darzoviu-sriuba-minestrone\/#breadcrumb\",\"itemListElement\":[{\"@type\":\"ListItem\",\"position\":1,\"name\":\"Home\",\"item\":\"https:\/\/kkf.lt\/en\/\"},{\"@type\":\"ListItem\",\"position\":2,\"name\":\"Products\",\"item\":\"https:\/\/kkf.lt\/en\/products\/\"},{\"@type\":\"ListItem\",\"position\":3,\"name\":\"MINESTRONE\"}]},{\"@type\":\"WebSite\",\"@id\":\"https:\/\/kkf.lt\/en\/#website\",\"url\":\"https:\/\/kkf.lt\/en\/\",\"name\":\"KKF\",\"description\":\"always a little more!\",\"publisher\":{\"@id\":\"https:\/\/kkf.lt\/en\/#organization\"},\"potentialAction\":[{\"@type\":\"SearchAction\",\"target\":{\"@type\":\"EntryPoint\",\"urlTemplate\":\"https:\/\/kkf.lt\/en\/?s={search_term_string}\"},\"query-input\":{\"@type\":\"PropertyValueSpecification\",\"valueRequired\":true,\"valueName\":\"search_term_string\"}}],\"inLanguage\":\"en-US\"},{\"@type\":\"Organization\",\"@id\":\"https:\/\/kkf.lt\/en\/#organization\",\"name\":\"K\u0117daini\u0173 konserv\u0173 fabrikas\",\"url\":\"https:\/\/kkf.lt\/en\/\",\"logo\":{\"@type\":\"ImageObject\",\"inLanguage\":\"en-US\",\"@id\":\"https:\/\/kkf.lt\/en\/#\/schema\/logo\/image\/\",\"url\":\"https:\/\/kkf.lt\/wp-content\/uploads\/2020\/05\/logo.png\",\"contentUrl\":\"https:\/\/kkf.lt\/wp-content\/uploads\/2020\/05\/logo.png\",\"width\":600,\"height\":600,\"caption\":\"K\u0117daini\u0173 konserv\u0173 fabrikas\"},\"image\":{\"@id\":\"https:\/\/kkf.lt\/en\/#\/schema\/logo\/image\/\"},\"sameAs\":[\"https:\/\/www.facebook.com\/KedainiuKonservai\",\"https:\/\/www.instagram.com\/kedainiu_konservai\/\",\"https:\/\/www.linkedin.com\/company\/kedainiu-konservu-fabrikas\/\"]}]}<\/script>\n<!-- \/ Yoast SEO plugin. -->","yoast_head_json":{"title":"MINESTRONE - KKF","robots":{"index":"index","follow":"follow","max-snippet":"max-snippet:-1","max-image-preview":"max-image-preview:large","max-video-preview":"max-video-preview:-1"},"canonical":"https:\/\/kkf.lt\/en\/product\/paruosta-valgyti-darzoviu-sriuba-minestrone\/","og_locale":"en_US","og_type":"article","og_title":"MINESTRONE - KKF","og_url":"https:\/\/kkf.lt\/en\/product\/paruosta-valgyti-darzoviu-sriuba-minestrone\/","og_site_name":"KKF","article_publisher":"https:\/\/www.facebook.com\/KedainiuKonservai","article_modified_time":"2024-03-20T10:11:19+00:00","og_image":[{"width":1000,"height":1000,"url":"https:\/\/kkf.lt\/wp-content\/uploads\/2023\/05\/Kedainiu_konservai_Paruosta_valgyti_darzoviu_sriuba_Minestrone.png","type":"image\/png"}],"twitter_card":"summary_large_image","schema":{"@context":"https:\/\/schema.org","@graph":[{"@type":"WebPage","@id":"https:\/\/kkf.lt\/en\/product\/paruosta-valgyti-darzoviu-sriuba-minestrone\/","url":"https:\/\/kkf.lt\/en\/product\/paruosta-valgyti-darzoviu-sriuba-minestrone\/","name":"MINESTRONE - KKF","isPartOf":{"@id":"https:\/\/kkf.lt\/en\/#website"},"primaryImageOfPage":{"@id":"https:\/\/kkf.lt\/en\/product\/paruosta-valgyti-darzoviu-sriuba-minestrone\/#primaryimage"},"image":{"@id":"https:\/\/kkf.lt\/en\/product\/paruosta-valgyti-darzoviu-sriuba-minestrone\/#primaryimage"},"thumbnailUrl":"https:\/\/kkf.lt\/wp-content\/uploads\/2023\/05\/Kedainiu_konservai_Paruosta_valgyti_darzoviu_sriuba_Minestrone.png","datePublished":"2023-05-31T09:31:41+00:00","dateModified":"2024-03-20T10:11:19+00:00","breadcrumb":{"@id":"https:\/\/kkf.lt\/en\/product\/paruosta-valgyti-darzoviu-sriuba-minestrone\/#breadcrumb"},"inLanguage":"en-US","potentialAction":[{"@type":"ReadAction","target":["https:\/\/kkf.lt\/en\/product\/paruosta-valgyti-darzoviu-sriuba-minestrone\/"]}]},{"@type":"ImageObject","inLanguage":"en-US","@id":"https:\/\/kkf.lt\/en\/product\/paruosta-valgyti-darzoviu-sriuba-minestrone\/#primaryimage","url":"https:\/\/kkf.lt\/wp-content\/uploads\/2023\/05\/Kedainiu_konservai_Paruosta_valgyti_darzoviu_sriuba_Minestrone.png","contentUrl":"https:\/\/kkf.lt\/wp-content\/uploads\/2023\/05\/Kedainiu_konservai_Paruosta_valgyti_darzoviu_sriuba_Minestrone.png","width":1000,"height":1000},{"@type":"BreadcrumbList","@id":"https:\/\/kkf.lt\/en\/product\/paruosta-valgyti-darzoviu-sriuba-minestrone\/#breadcrumb","itemListElement":[{"@type":"ListItem","position":1,"name":"Home","item":"https:\/\/kkf.lt\/en\/"},{"@type":"ListItem","position":2,"name":"Products","item":"https:\/\/kkf.lt\/en\/products\/"},{"@type":"ListItem","position":3,"name":"MINESTRONE"}]},{"@type":"WebSite","@id":"https:\/\/kkf.lt\/en\/#website","url":"https:\/\/kkf.lt\/en\/","name":"KKF","description":"always a little more!","publisher":{"@id":"https:\/\/kkf.lt\/en\/#organization"},"potentialAction":[{"@type":"SearchAction","target":{"@type":"EntryPoint","urlTemplate":"https:\/\/kkf.lt\/en\/?s={search_term_string}"},"query-input":{"@type":"PropertyValueSpecification","valueRequired":true,"valueName":"search_term_string"}}],"inLanguage":"en-US"},{"@type":"Organization","@id":"https:\/\/kkf.lt\/en\/#organization","name":"K\u0117daini\u0173 konserv\u0173 fabrikas","url":"https:\/\/kkf.lt\/en\/","logo":{"@type":"ImageObject","inLanguage":"en-US","@id":"https:\/\/kkf.lt\/en\/#\/schema\/logo\/image\/","url":"https:\/\/kkf.lt\/wp-content\/uploads\/2020\/05\/logo.png","contentUrl":"https:\/\/kkf.lt\/wp-content\/uploads\/2020\/05\/logo.png","width":600,"height":600,"caption":"K\u0117daini\u0173 konserv\u0173 fabrikas"},"image":{"@id":"https:\/\/kkf.lt\/en\/#\/schema\/logo\/image\/"},"sameAs":["https:\/\/www.facebook.com\/KedainiuKonservai","https:\/\/www.instagram.com\/kedainiu_konservai\/","https:\/\/www.linkedin.com\/company\/kedainiu-konservu-fabrikas\/"]}]}},"_links":{"self":[{"href":"https:\/\/kkf.lt\/en\/wp-json\/wp\/v2\/product\/6300","targetHints":{"allow":["GET"]}}],"collection":[{"href":"https:\/\/kkf.lt\/en\/wp-json\/wp\/v2\/product"}],"about":[{"href":"https:\/\/kkf.lt\/en\/wp-json\/wp\/v2\/types\/product"}],"wp:featuredmedia":[{"embeddable":true,"href":"https:\/\/kkf.lt\/en\/wp-json\/wp\/v2\/media\/6125"}],"wp:attachment":[{"href":"https:\/\/kkf.lt\/en\/wp-json\/wp\/v2\/media?parent=6300"}],"wp:term":[{"taxonomy":"product_cat","embeddable":true,"href":"https:\/\/kkf.lt\/en\/wp-json\/wp\/v2\/product_cat?post=6300"}],"curies":[{"name":"wp","href":"https:\/\/api.w.org\/{rel}","templated":true}]}}