{"id":5626,"date":"2022-09-27T17:59:18","date_gmt":"2022-09-27T14:59:18","guid":{"rendered":"https:\/\/kkf.lt\/product\/kecupas-barbekiu\/"},"modified":"2023-01-27T17:18:38","modified_gmt":"2023-01-27T14:18:38","slug":"ketchup-barbecue","status":"publish","type":"product","link":"https:\/\/kkf.lt\/en\/product\/ketchup-barbecue\/","title":{"rendered":"BARBECUE"},"content":{"rendered":"","protected":false},"featured_media":5167,"menu_order":-139,"template":"","product_cat":[27],"class_list":["post-5626","product","type-product","status-publish","has-post-thumbnail","hentry","product_cat-sauces-ketchups"],"acf":[],"yoast_head":"<!-- This site is optimized with the Yoast SEO plugin v27.1.1 - https:\/\/yoast.com\/product\/yoast-seo-wordpress\/ -->\n<title>BARBECUE - KKF<\/title>\n<meta name=\"robots\" content=\"index, follow, max-snippet:-1, max-image-preview:large, max-video-preview:-1\" \/>\n<link rel=\"canonical\" href=\"https:\/\/kkf.lt\/en\/product\/ketchup-barbecue\/\" \/>\n<meta property=\"og:locale\" content=\"en_US\" \/>\n<meta property=\"og:type\" content=\"article\" \/>\n<meta property=\"og:title\" content=\"BARBECUE - KKF\" \/>\n<meta property=\"og:url\" content=\"https:\/\/kkf.lt\/en\/product\/ketchup-barbecue\/\" \/>\n<meta property=\"og:site_name\" content=\"KKF\" \/>\n<meta property=\"article:publisher\" content=\"https:\/\/www.facebook.com\/KedainiuKonservai\" \/>\n<meta property=\"article:modified_time\" content=\"2023-01-27T14:18:38+00:00\" \/>\n<meta property=\"og:image\" content=\"https:\/\/kkf.lt\/wp-content\/uploads\/2022\/09\/Kedainiu_konservai_Kecupas_Barbekiu_2022.png\" \/>\n\t<meta property=\"og:image:width\" content=\"1249\" \/>\n\t<meta property=\"og:image:height\" content=\"1194\" \/>\n\t<meta property=\"og:image:type\" content=\"image\/png\" \/>\n<meta name=\"twitter:card\" content=\"summary_large_image\" \/>\n<script type=\"application\/ld+json\" class=\"yoast-schema-graph\">{\"@context\":\"https:\/\/schema.org\",\"@graph\":[{\"@type\":\"WebPage\",\"@id\":\"https:\/\/kkf.lt\/en\/product\/ketchup-barbecue\/\",\"url\":\"https:\/\/kkf.lt\/en\/product\/ketchup-barbecue\/\",\"name\":\"BARBECUE - KKF\",\"isPartOf\":{\"@id\":\"https:\/\/kkf.lt\/en\/#website\"},\"primaryImageOfPage\":{\"@id\":\"https:\/\/kkf.lt\/en\/product\/ketchup-barbecue\/#primaryimage\"},\"image\":{\"@id\":\"https:\/\/kkf.lt\/en\/product\/ketchup-barbecue\/#primaryimage\"},\"thumbnailUrl\":\"https:\/\/kkf.lt\/wp-content\/uploads\/2022\/09\/Kedainiu_konservai_Kecupas_Barbekiu_2022.png\",\"datePublished\":\"2022-09-27T14:59:18+00:00\",\"dateModified\":\"2023-01-27T14:18:38+00:00\",\"breadcrumb\":{\"@id\":\"https:\/\/kkf.lt\/en\/product\/ketchup-barbecue\/#breadcrumb\"},\"inLanguage\":\"en-US\",\"potentialAction\":[{\"@type\":\"ReadAction\",\"target\":[\"https:\/\/kkf.lt\/en\/product\/ketchup-barbecue\/\"]}]},{\"@type\":\"ImageObject\",\"inLanguage\":\"en-US\",\"@id\":\"https:\/\/kkf.lt\/en\/product\/ketchup-barbecue\/#primaryimage\",\"url\":\"https:\/\/kkf.lt\/wp-content\/uploads\/2022\/09\/Kedainiu_konservai_Kecupas_Barbekiu_2022.png\",\"contentUrl\":\"https:\/\/kkf.lt\/wp-content\/uploads\/2022\/09\/Kedainiu_konservai_Kecupas_Barbekiu_2022.png\",\"width\":1249,\"height\":1194},{\"@type\":\"BreadcrumbList\",\"@id\":\"https:\/\/kkf.lt\/en\/product\/ketchup-barbecue\/#breadcrumb\",\"itemListElement\":[{\"@type\":\"ListItem\",\"position\":1,\"name\":\"Home\",\"item\":\"https:\/\/kkf.lt\/en\/\"},{\"@type\":\"ListItem\",\"position\":2,\"name\":\"Products\",\"item\":\"https:\/\/kkf.lt\/en\/products\/\"},{\"@type\":\"ListItem\",\"position\":3,\"name\":\"BARBECUE\"}]},{\"@type\":\"WebSite\",\"@id\":\"https:\/\/kkf.lt\/en\/#website\",\"url\":\"https:\/\/kkf.lt\/en\/\",\"name\":\"KKF\",\"description\":\"always a little more!\",\"publisher\":{\"@id\":\"https:\/\/kkf.lt\/en\/#organization\"},\"potentialAction\":[{\"@type\":\"SearchAction\",\"target\":{\"@type\":\"EntryPoint\",\"urlTemplate\":\"https:\/\/kkf.lt\/en\/?s={search_term_string}\"},\"query-input\":{\"@type\":\"PropertyValueSpecification\",\"valueRequired\":true,\"valueName\":\"search_term_string\"}}],\"inLanguage\":\"en-US\"},{\"@type\":\"Organization\",\"@id\":\"https:\/\/kkf.lt\/en\/#organization\",\"name\":\"K\u0117daini\u0173 konserv\u0173 fabrikas\",\"url\":\"https:\/\/kkf.lt\/en\/\",\"logo\":{\"@type\":\"ImageObject\",\"inLanguage\":\"en-US\",\"@id\":\"https:\/\/kkf.lt\/en\/#\/schema\/logo\/image\/\",\"url\":\"https:\/\/kkf.lt\/wp-content\/uploads\/2020\/05\/logo.png\",\"contentUrl\":\"https:\/\/kkf.lt\/wp-content\/uploads\/2020\/05\/logo.png\",\"width\":600,\"height\":600,\"caption\":\"K\u0117daini\u0173 konserv\u0173 fabrikas\"},\"image\":{\"@id\":\"https:\/\/kkf.lt\/en\/#\/schema\/logo\/image\/\"},\"sameAs\":[\"https:\/\/www.facebook.com\/KedainiuKonservai\",\"https:\/\/www.instagram.com\/kedainiu_konservai\/\",\"https:\/\/www.linkedin.com\/company\/kedainiu-konservu-fabrikas\/\"]}]}<\/script>\n<!-- \/ Yoast SEO plugin. -->","yoast_head_json":{"title":"BARBECUE - KKF","robots":{"index":"index","follow":"follow","max-snippet":"max-snippet:-1","max-image-preview":"max-image-preview:large","max-video-preview":"max-video-preview:-1"},"canonical":"https:\/\/kkf.lt\/en\/product\/ketchup-barbecue\/","og_locale":"en_US","og_type":"article","og_title":"BARBECUE - KKF","og_url":"https:\/\/kkf.lt\/en\/product\/ketchup-barbecue\/","og_site_name":"KKF","article_publisher":"https:\/\/www.facebook.com\/KedainiuKonservai","article_modified_time":"2023-01-27T14:18:38+00:00","og_image":[{"width":1249,"height":1194,"url":"https:\/\/kkf.lt\/wp-content\/uploads\/2022\/09\/Kedainiu_konservai_Kecupas_Barbekiu_2022.png","type":"image\/png"}],"twitter_card":"summary_large_image","schema":{"@context":"https:\/\/schema.org","@graph":[{"@type":"WebPage","@id":"https:\/\/kkf.lt\/en\/product\/ketchup-barbecue\/","url":"https:\/\/kkf.lt\/en\/product\/ketchup-barbecue\/","name":"BARBECUE - KKF","isPartOf":{"@id":"https:\/\/kkf.lt\/en\/#website"},"primaryImageOfPage":{"@id":"https:\/\/kkf.lt\/en\/product\/ketchup-barbecue\/#primaryimage"},"image":{"@id":"https:\/\/kkf.lt\/en\/product\/ketchup-barbecue\/#primaryimage"},"thumbnailUrl":"https:\/\/kkf.lt\/wp-content\/uploads\/2022\/09\/Kedainiu_konservai_Kecupas_Barbekiu_2022.png","datePublished":"2022-09-27T14:59:18+00:00","dateModified":"2023-01-27T14:18:38+00:00","breadcrumb":{"@id":"https:\/\/kkf.lt\/en\/product\/ketchup-barbecue\/#breadcrumb"},"inLanguage":"en-US","potentialAction":[{"@type":"ReadAction","target":["https:\/\/kkf.lt\/en\/product\/ketchup-barbecue\/"]}]},{"@type":"ImageObject","inLanguage":"en-US","@id":"https:\/\/kkf.lt\/en\/product\/ketchup-barbecue\/#primaryimage","url":"https:\/\/kkf.lt\/wp-content\/uploads\/2022\/09\/Kedainiu_konservai_Kecupas_Barbekiu_2022.png","contentUrl":"https:\/\/kkf.lt\/wp-content\/uploads\/2022\/09\/Kedainiu_konservai_Kecupas_Barbekiu_2022.png","width":1249,"height":1194},{"@type":"BreadcrumbList","@id":"https:\/\/kkf.lt\/en\/product\/ketchup-barbecue\/#breadcrumb","itemListElement":[{"@type":"ListItem","position":1,"name":"Home","item":"https:\/\/kkf.lt\/en\/"},{"@type":"ListItem","position":2,"name":"Products","item":"https:\/\/kkf.lt\/en\/products\/"},{"@type":"ListItem","position":3,"name":"BARBECUE"}]},{"@type":"WebSite","@id":"https:\/\/kkf.lt\/en\/#website","url":"https:\/\/kkf.lt\/en\/","name":"KKF","description":"always a little more!","publisher":{"@id":"https:\/\/kkf.lt\/en\/#organization"},"potentialAction":[{"@type":"SearchAction","target":{"@type":"EntryPoint","urlTemplate":"https:\/\/kkf.lt\/en\/?s={search_term_string}"},"query-input":{"@type":"PropertyValueSpecification","valueRequired":true,"valueName":"search_term_string"}}],"inLanguage":"en-US"},{"@type":"Organization","@id":"https:\/\/kkf.lt\/en\/#organization","name":"K\u0117daini\u0173 konserv\u0173 fabrikas","url":"https:\/\/kkf.lt\/en\/","logo":{"@type":"ImageObject","inLanguage":"en-US","@id":"https:\/\/kkf.lt\/en\/#\/schema\/logo\/image\/","url":"https:\/\/kkf.lt\/wp-content\/uploads\/2020\/05\/logo.png","contentUrl":"https:\/\/kkf.lt\/wp-content\/uploads\/2020\/05\/logo.png","width":600,"height":600,"caption":"K\u0117daini\u0173 konserv\u0173 fabrikas"},"image":{"@id":"https:\/\/kkf.lt\/en\/#\/schema\/logo\/image\/"},"sameAs":["https:\/\/www.facebook.com\/KedainiuKonservai","https:\/\/www.instagram.com\/kedainiu_konservai\/","https:\/\/www.linkedin.com\/company\/kedainiu-konservu-fabrikas\/"]}]}},"_links":{"self":[{"href":"https:\/\/kkf.lt\/en\/wp-json\/wp\/v2\/product\/5626","targetHints":{"allow":["GET"]}}],"collection":[{"href":"https:\/\/kkf.lt\/en\/wp-json\/wp\/v2\/product"}],"about":[{"href":"https:\/\/kkf.lt\/en\/wp-json\/wp\/v2\/types\/product"}],"wp:featuredmedia":[{"embeddable":true,"href":"https:\/\/kkf.lt\/en\/wp-json\/wp\/v2\/media\/5167"}],"wp:attachment":[{"href":"https:\/\/kkf.lt\/en\/wp-json\/wp\/v2\/media?parent=5626"}],"wp:term":[{"taxonomy":"product_cat","embeddable":true,"href":"https:\/\/kkf.lt\/en\/wp-json\/wp\/v2\/product_cat?post=5626"}],"curies":[{"name":"wp","href":"https:\/\/api.w.org\/{rel}","templated":true}]}}