{"id":1085,"date":"2020-10-27T17:22:45","date_gmt":"2020-10-27T14:22:45","guid":{"rendered":"https:\/\/kkf.lt\/produktas\/burokeliai-3\/"},"modified":"2024-03-20T12:43:02","modified_gmt":"2024-03-20T09:43:02","slug":"canned-red-beetroots-cut","status":"publish","type":"product","link":"https:\/\/kkf.lt\/en\/product\/canned-red-beetroots-cut\/","title":{"rendered":"CANNED RED BEETROOTS"},"content":{"rendered":"","protected":false},"featured_media":948,"menu_order":-389,"template":"","product_cat":[23],"class_list":["post-1085","product","type-product","status-publish","has-post-thumbnail","hentry","product_cat-canned-vegetables"],"acf":[],"yoast_head":"<!-- This site is optimized with the Yoast SEO plugin v27.1.1 - https:\/\/yoast.com\/product\/yoast-seo-wordpress\/ -->\n<title>CANNED RED BEETROOTS - KKF<\/title>\n<meta name=\"robots\" content=\"index, follow, max-snippet:-1, max-image-preview:large, max-video-preview:-1\" \/>\n<link rel=\"canonical\" href=\"https:\/\/kkf.lt\/en\/product\/canned-red-beetroots-cut\/\" \/>\n<meta property=\"og:locale\" content=\"en_US\" \/>\n<meta property=\"og:type\" content=\"article\" \/>\n<meta property=\"og:title\" content=\"CANNED RED BEETROOTS - KKF\" \/>\n<meta property=\"og:url\" content=\"https:\/\/kkf.lt\/en\/product\/canned-red-beetroots-cut\/\" \/>\n<meta property=\"og:site_name\" content=\"KKF\" \/>\n<meta property=\"article:publisher\" content=\"https:\/\/www.facebook.com\/KedainiuKonservai\" \/>\n<meta property=\"article:modified_time\" content=\"2024-03-20T09:43:02+00:00\" \/>\n<meta property=\"og:image\" content=\"https:\/\/kkf.lt\/wp-content\/uploads\/2020\/11\/Kedainiu_konservai_Konservuotos_darzoves_marinuoti_burokeliai_2020-1.png\" \/>\n\t<meta property=\"og:image:width\" content=\"636\" \/>\n\t<meta property=\"og:image:height\" content=\"924\" \/>\n\t<meta property=\"og:image:type\" content=\"image\/png\" \/>\n<meta name=\"twitter:card\" content=\"summary_large_image\" \/>\n<script type=\"application\/ld+json\" class=\"yoast-schema-graph\">{\"@context\":\"https:\/\/schema.org\",\"@graph\":[{\"@type\":\"WebPage\",\"@id\":\"https:\/\/kkf.lt\/en\/product\/canned-red-beetroots-cut\/\",\"url\":\"https:\/\/kkf.lt\/en\/product\/canned-red-beetroots-cut\/\",\"name\":\"CANNED RED BEETROOTS - KKF\",\"isPartOf\":{\"@id\":\"https:\/\/kkf.lt\/en\/#website\"},\"primaryImageOfPage\":{\"@id\":\"https:\/\/kkf.lt\/en\/product\/canned-red-beetroots-cut\/#primaryimage\"},\"image\":{\"@id\":\"https:\/\/kkf.lt\/en\/product\/canned-red-beetroots-cut\/#primaryimage\"},\"thumbnailUrl\":\"https:\/\/kkf.lt\/wp-content\/uploads\/2020\/11\/Kedainiu_konservai_Konservuotos_darzoves_marinuoti_burokeliai_2020-1.png\",\"datePublished\":\"2020-10-27T14:22:45+00:00\",\"dateModified\":\"2024-03-20T09:43:02+00:00\",\"breadcrumb\":{\"@id\":\"https:\/\/kkf.lt\/en\/product\/canned-red-beetroots-cut\/#breadcrumb\"},\"inLanguage\":\"en-US\",\"potentialAction\":[{\"@type\":\"ReadAction\",\"target\":[\"https:\/\/kkf.lt\/en\/product\/canned-red-beetroots-cut\/\"]}]},{\"@type\":\"ImageObject\",\"inLanguage\":\"en-US\",\"@id\":\"https:\/\/kkf.lt\/en\/product\/canned-red-beetroots-cut\/#primaryimage\",\"url\":\"https:\/\/kkf.lt\/wp-content\/uploads\/2020\/11\/Kedainiu_konservai_Konservuotos_darzoves_marinuoti_burokeliai_2020-1.png\",\"contentUrl\":\"https:\/\/kkf.lt\/wp-content\/uploads\/2020\/11\/Kedainiu_konservai_Konservuotos_darzoves_marinuoti_burokeliai_2020-1.png\",\"width\":636,\"height\":924},{\"@type\":\"BreadcrumbList\",\"@id\":\"https:\/\/kkf.lt\/en\/product\/canned-red-beetroots-cut\/#breadcrumb\",\"itemListElement\":[{\"@type\":\"ListItem\",\"position\":1,\"name\":\"Home\",\"item\":\"https:\/\/kkf.lt\/en\/\"},{\"@type\":\"ListItem\",\"position\":2,\"name\":\"Products\",\"item\":\"https:\/\/kkf.lt\/en\/products\/\"},{\"@type\":\"ListItem\",\"position\":3,\"name\":\"CANNED RED BEETROOTS\"}]},{\"@type\":\"WebSite\",\"@id\":\"https:\/\/kkf.lt\/en\/#website\",\"url\":\"https:\/\/kkf.lt\/en\/\",\"name\":\"KKF\",\"description\":\"always a little more!\",\"publisher\":{\"@id\":\"https:\/\/kkf.lt\/en\/#organization\"},\"potentialAction\":[{\"@type\":\"SearchAction\",\"target\":{\"@type\":\"EntryPoint\",\"urlTemplate\":\"https:\/\/kkf.lt\/en\/?s={search_term_string}\"},\"query-input\":{\"@type\":\"PropertyValueSpecification\",\"valueRequired\":true,\"valueName\":\"search_term_string\"}}],\"inLanguage\":\"en-US\"},{\"@type\":\"Organization\",\"@id\":\"https:\/\/kkf.lt\/en\/#organization\",\"name\":\"K\u0117daini\u0173 konserv\u0173 fabrikas\",\"url\":\"https:\/\/kkf.lt\/en\/\",\"logo\":{\"@type\":\"ImageObject\",\"inLanguage\":\"en-US\",\"@id\":\"https:\/\/kkf.lt\/en\/#\/schema\/logo\/image\/\",\"url\":\"https:\/\/kkf.lt\/wp-content\/uploads\/2020\/05\/logo.png\",\"contentUrl\":\"https:\/\/kkf.lt\/wp-content\/uploads\/2020\/05\/logo.png\",\"width\":600,\"height\":600,\"caption\":\"K\u0117daini\u0173 konserv\u0173 fabrikas\"},\"image\":{\"@id\":\"https:\/\/kkf.lt\/en\/#\/schema\/logo\/image\/\"},\"sameAs\":[\"https:\/\/www.facebook.com\/KedainiuKonservai\",\"https:\/\/www.instagram.com\/kedainiu_konservai\/\",\"https:\/\/www.linkedin.com\/company\/kedainiu-konservu-fabrikas\/\"]}]}<\/script>\n<!-- \/ Yoast SEO plugin. -->","yoast_head_json":{"title":"CANNED RED BEETROOTS - KKF","robots":{"index":"index","follow":"follow","max-snippet":"max-snippet:-1","max-image-preview":"max-image-preview:large","max-video-preview":"max-video-preview:-1"},"canonical":"https:\/\/kkf.lt\/en\/product\/canned-red-beetroots-cut\/","og_locale":"en_US","og_type":"article","og_title":"CANNED RED BEETROOTS - KKF","og_url":"https:\/\/kkf.lt\/en\/product\/canned-red-beetroots-cut\/","og_site_name":"KKF","article_publisher":"https:\/\/www.facebook.com\/KedainiuKonservai","article_modified_time":"2024-03-20T09:43:02+00:00","og_image":[{"width":636,"height":924,"url":"https:\/\/kkf.lt\/wp-content\/uploads\/2020\/11\/Kedainiu_konservai_Konservuotos_darzoves_marinuoti_burokeliai_2020-1.png","type":"image\/png"}],"twitter_card":"summary_large_image","schema":{"@context":"https:\/\/schema.org","@graph":[{"@type":"WebPage","@id":"https:\/\/kkf.lt\/en\/product\/canned-red-beetroots-cut\/","url":"https:\/\/kkf.lt\/en\/product\/canned-red-beetroots-cut\/","name":"CANNED RED BEETROOTS - KKF","isPartOf":{"@id":"https:\/\/kkf.lt\/en\/#website"},"primaryImageOfPage":{"@id":"https:\/\/kkf.lt\/en\/product\/canned-red-beetroots-cut\/#primaryimage"},"image":{"@id":"https:\/\/kkf.lt\/en\/product\/canned-red-beetroots-cut\/#primaryimage"},"thumbnailUrl":"https:\/\/kkf.lt\/wp-content\/uploads\/2020\/11\/Kedainiu_konservai_Konservuotos_darzoves_marinuoti_burokeliai_2020-1.png","datePublished":"2020-10-27T14:22:45+00:00","dateModified":"2024-03-20T09:43:02+00:00","breadcrumb":{"@id":"https:\/\/kkf.lt\/en\/product\/canned-red-beetroots-cut\/#breadcrumb"},"inLanguage":"en-US","potentialAction":[{"@type":"ReadAction","target":["https:\/\/kkf.lt\/en\/product\/canned-red-beetroots-cut\/"]}]},{"@type":"ImageObject","inLanguage":"en-US","@id":"https:\/\/kkf.lt\/en\/product\/canned-red-beetroots-cut\/#primaryimage","url":"https:\/\/kkf.lt\/wp-content\/uploads\/2020\/11\/Kedainiu_konservai_Konservuotos_darzoves_marinuoti_burokeliai_2020-1.png","contentUrl":"https:\/\/kkf.lt\/wp-content\/uploads\/2020\/11\/Kedainiu_konservai_Konservuotos_darzoves_marinuoti_burokeliai_2020-1.png","width":636,"height":924},{"@type":"BreadcrumbList","@id":"https:\/\/kkf.lt\/en\/product\/canned-red-beetroots-cut\/#breadcrumb","itemListElement":[{"@type":"ListItem","position":1,"name":"Home","item":"https:\/\/kkf.lt\/en\/"},{"@type":"ListItem","position":2,"name":"Products","item":"https:\/\/kkf.lt\/en\/products\/"},{"@type":"ListItem","position":3,"name":"CANNED RED BEETROOTS"}]},{"@type":"WebSite","@id":"https:\/\/kkf.lt\/en\/#website","url":"https:\/\/kkf.lt\/en\/","name":"KKF","description":"always a little more!","publisher":{"@id":"https:\/\/kkf.lt\/en\/#organization"},"potentialAction":[{"@type":"SearchAction","target":{"@type":"EntryPoint","urlTemplate":"https:\/\/kkf.lt\/en\/?s={search_term_string}"},"query-input":{"@type":"PropertyValueSpecification","valueRequired":true,"valueName":"search_term_string"}}],"inLanguage":"en-US"},{"@type":"Organization","@id":"https:\/\/kkf.lt\/en\/#organization","name":"K\u0117daini\u0173 konserv\u0173 fabrikas","url":"https:\/\/kkf.lt\/en\/","logo":{"@type":"ImageObject","inLanguage":"en-US","@id":"https:\/\/kkf.lt\/en\/#\/schema\/logo\/image\/","url":"https:\/\/kkf.lt\/wp-content\/uploads\/2020\/05\/logo.png","contentUrl":"https:\/\/kkf.lt\/wp-content\/uploads\/2020\/05\/logo.png","width":600,"height":600,"caption":"K\u0117daini\u0173 konserv\u0173 fabrikas"},"image":{"@id":"https:\/\/kkf.lt\/en\/#\/schema\/logo\/image\/"},"sameAs":["https:\/\/www.facebook.com\/KedainiuKonservai","https:\/\/www.instagram.com\/kedainiu_konservai\/","https:\/\/www.linkedin.com\/company\/kedainiu-konservu-fabrikas\/"]}]}},"_links":{"self":[{"href":"https:\/\/kkf.lt\/en\/wp-json\/wp\/v2\/product\/1085","targetHints":{"allow":["GET"]}}],"collection":[{"href":"https:\/\/kkf.lt\/en\/wp-json\/wp\/v2\/product"}],"about":[{"href":"https:\/\/kkf.lt\/en\/wp-json\/wp\/v2\/types\/product"}],"wp:featuredmedia":[{"embeddable":true,"href":"https:\/\/kkf.lt\/en\/wp-json\/wp\/v2\/media\/948"}],"wp:attachment":[{"href":"https:\/\/kkf.lt\/en\/wp-json\/wp\/v2\/media?parent=1085"}],"wp:term":[{"taxonomy":"product_cat","embeddable":true,"href":"https:\/\/kkf.lt\/en\/wp-json\/wp\/v2\/product_cat?post=1085"}],"curies":[{"name":"wp","href":"https:\/\/api.w.org\/{rel}","templated":true}]}}