{"id":4678,"date":"2022-04-15T13:10:22","date_gmt":"2022-04-15T10:10:22","guid":{"rendered":"https:\/\/kkf.lt\/?page_id=4678"},"modified":"2022-10-05T21:51:24","modified_gmt":"2022-10-05T18:51:24","slug":"transfers","status":"publish","type":"page","link":"https:\/\/kkf.lt\/en\/transfers\/","title":{"rendered":"Transfers"},"content":{"rendered":"\t\t<div data-elementor-type=\"wp-page\" data-elementor-id=\"4678\" class=\"elementor elementor-4678 elementor-4677\" data-elementor-post-type=\"page\">\n\t\t\t\t\t\t<section class=\"elementor-section elementor-top-section elementor-element elementor-element-6a24dcc elementor-section-height-min-height recipes-top-banner elementor-section-full_width elementor-section-height-default elementor-section-items-middle\" data-id=\"6a24dcc\" data-element_type=\"section\" data-e-type=\"section\" data-settings=\"{&quot;background_background&quot;:&quot;gradient&quot;}\">\n\t\t\t\t\t\t<div class=\"elementor-container elementor-column-gap-no\">\n\t\t\t\t\t<div class=\"elementor-column elementor-col-100 elementor-top-column elementor-element elementor-element-2c839bd5\" data-id=\"2c839bd5\" data-element_type=\"column\" data-e-type=\"column\">\n\t\t\t<div class=\"elementor-widget-wrap elementor-element-populated\">\n\t\t\t\t\t\t<section class=\"elementor-section elementor-inner-section elementor-element elementor-element-7ac4c452 elementor-section-height-min-height elementor-section-full_width elementor-section-height-default\" data-id=\"7ac4c452\" data-element_type=\"section\" data-e-type=\"section\">\n\t\t\t\t\t\t<div class=\"elementor-container elementor-column-gap-default\">\n\t\t\t\t\t<div class=\"elementor-column elementor-col-50 elementor-inner-column elementor-element elementor-element-2f3b496b first_col\" data-id=\"2f3b496b\" data-element_type=\"column\" data-e-type=\"column\">\n\t\t\t<div class=\"elementor-widget-wrap elementor-element-populated\">\n\t\t\t\t\t\t<div class=\"elementor-element elementor-element-1d1e488d elementor-widget__width-initial elementor-hidden-tablet elementor-hidden-phone elementor-widget elementor-widget-heading\" data-id=\"1d1e488d\" data-element_type=\"widget\" data-e-type=\"widget\" data-widget_type=\"heading.default\">\n\t\t\t\t<div class=\"elementor-widget-container\">\n\t\t\t\t\t<h2 class=\"elementor-heading-title elementor-size-default\"><a href=\"https:\/\/kkf2.benemusdev.com\/receptas\/melyniu-uogienes-desertas\/\">Support for the Ukrainian people<\/a><\/h2>\t\t\t\t<\/div>\n\t\t\t\t<\/div>\n\t\t\t\t<div class=\"elementor-element elementor-element-31f5cc6e elementor-widget__width-initial elementor-hidden-desktop elementor-widget elementor-widget-heading\" data-id=\"31f5cc6e\" data-element_type=\"widget\" data-e-type=\"widget\" data-widget_type=\"heading.default\">\n\t\t\t\t<div class=\"elementor-widget-container\">\n\t\t\t\t\t<h2 class=\"elementor-heading-title elementor-size-default\"><a href=\"https:\/\/kkf2.benemusdev.com\/receptas\/melyniu-uogienes-desertas\/\">Support for the Ukrainian people<\/a><\/h2>\t\t\t\t<\/div>\n\t\t\t\t<\/div>\n\t\t\t\t\t<\/div>\n\t\t<\/div>\n\t\t\t\t<div class=\"elementor-column elementor-col-50 elementor-inner-column elementor-element elementor-element-1f7714eb second_col elementor-hidden-phone\" data-id=\"1f7714eb\" data-element_type=\"column\" data-e-type=\"column\">\n\t\t\t<div class=\"elementor-widget-wrap elementor-element-populated\">\n\t\t\t\t\t\t\t<\/div>\n\t\t<\/div>\n\t\t\t\t\t<\/div>\n\t\t<\/section>\n\t\t\t\t\t<\/div>\n\t\t<\/div>\n\t\t\t\t\t<\/div>\n\t\t<\/section>\n\t\t\t\t<section class=\"elementor-section elementor-top-section elementor-element elementor-element-3112da36 elementor-reverse-mobile elementor-section-boxed elementor-section-height-default elementor-section-height-default\" data-id=\"3112da36\" data-element_type=\"section\" data-e-type=\"section\" data-settings=\"{&quot;background_background&quot;:&quot;classic&quot;}\">\n\t\t\t\t\t\t<div class=\"elementor-container elementor-column-gap-wide\">\n\t\t\t\t\t<div class=\"elementor-column elementor-col-100 elementor-top-column elementor-element elementor-element-1cd914de\" data-id=\"1cd914de\" data-element_type=\"column\" data-e-type=\"column\">\n\t\t\t<div class=\"elementor-widget-wrap elementor-element-populated\">\n\t\t\t\t\t\t<div class=\"elementor-element elementor-element-7e1285b4 elementor-widget elementor-widget-text-editor\" data-id=\"7e1285b4\" data-element_type=\"widget\" data-e-type=\"widget\" data-widget_type=\"text-editor.default\">\n\t\t\t\t<div class=\"elementor-widget-container\">\n\t\t\t\t\t\t\t\t\t<p>Updated: 2022-10-05<\/p>\t\t\t\t\t\t\t\t<\/div>\n\t\t\t\t<\/div>\n\t\t\t\t<div class=\"elementor-element elementor-element-21640e96 elementor-widget elementor-widget-text-editor\" data-id=\"21640e96\" data-element_type=\"widget\" data-e-type=\"widget\" data-widget_type=\"text-editor.default\">\n\t\t\t\t<div class=\"elementor-widget-container\">\n\t\t\t\t\t\t\t\t\t<p>Copies of transfers:<\/p>\t\t\t\t\t\t\t\t<\/div>\n\t\t\t\t<\/div>\n\t\t\t\t<div class=\"elementor-element elementor-element-75f2c4d0 elementor-arrows-position-outside elementor-pagination-position-outside elementor-widget elementor-widget-image-carousel\" data-id=\"75f2c4d0\" data-element_type=\"widget\" data-e-type=\"widget\" data-settings=\"{&quot;slides_to_show&quot;:&quot;5&quot;,&quot;slides_to_show_mobile&quot;:&quot;2&quot;,&quot;slides_to_scroll&quot;:&quot;1&quot;,&quot;slides_to_scroll_mobile&quot;:&quot;1&quot;,&quot;autoplay&quot;:&quot;no&quot;,&quot;infinite&quot;:&quot;no&quot;,&quot;navigation&quot;:&quot;both&quot;,&quot;speed&quot;:500,&quot;image_spacing_custom&quot;:{&quot;unit&quot;:&quot;px&quot;,&quot;size&quot;:20,&quot;sizes&quot;:[]},&quot;image_spacing_custom_tablet&quot;:{&quot;unit&quot;:&quot;px&quot;,&quot;size&quot;:&quot;&quot;,&quot;sizes&quot;:[]},&quot;image_spacing_custom_mobile&quot;:{&quot;unit&quot;:&quot;px&quot;,&quot;size&quot;:&quot;&quot;,&quot;sizes&quot;:[]}}\" data-widget_type=\"image-carousel.default\">\n\t\t\t\t<div class=\"elementor-widget-container\">\n\t\t\t\t\t\t\t<div class=\"elementor-image-carousel-wrapper swiper\" role=\"region\" aria-roledescription=\"carousel\" aria-label=\"Image Carousel\" dir=\"ltr\">\n\t\t\t<div class=\"elementor-image-carousel swiper-wrapper\" aria-live=\"polite\">\n\t\t\t\t\t\t\t\t<div class=\"swiper-slide\" role=\"group\" aria-roledescription=\"slide\" aria-label=\"1 of 5\"><a data-elementor-open-lightbox=\"yes\" data-elementor-lightbox-slideshow=\"75f2c4d0\" data-elementor-lightbox-title=\"Mok\u0117jimas - M\u0117lyna geltona-2022-05-25\" data-e-action-hash=\"#elementor-action%3Aaction%3Dlightbox%26settings%3DeyJpZCI6NDg4OSwidXJsIjoiaHR0cHM6XC9cL2trZi5sdFwvd3AtY29udGVudFwvdXBsb2Fkc1wvMjAyMlwvMDVcL01va2VqaW1hcy1NZWx5bmEtZ2VsdG9uYS0yMDIyLTA1LTI1LnBuZyIsInNsaWRlc2hvdyI6Ijc1ZjJjNGQwIn0%3D\" href=\"https:\/\/kkf.lt\/wp-content\/uploads\/2022\/05\/Mokejimas-Melyna-geltona-2022-05-25.png\"><figure class=\"swiper-slide-inner\"><img decoding=\"async\" class=\"swiper-slide-image\" src=\"https:\/\/kkf.lt\/wp-content\/uploads\/2022\/05\/Mokejimas-Melyna-geltona-2022-05-25.png\" alt=\"Mok\u0117jimo pavedimas\" \/><\/figure><\/a><\/div><div class=\"swiper-slide\" role=\"group\" aria-roledescription=\"slide\" aria-label=\"2 of 5\"><a data-elementor-open-lightbox=\"yes\" data-elementor-lightbox-slideshow=\"75f2c4d0\" data-elementor-lightbox-title=\"Mok\u0117jimas - M\u0117lyna ir Geltona\" data-e-action-hash=\"#elementor-action%3Aaction%3Dlightbox%26settings%3DeyJpZCI6NDgyMCwidXJsIjoiaHR0cHM6XC9cL2trZi5sdFwvd3AtY29udGVudFwvdXBsb2Fkc1wvMjAyMlwvMDVcL01va2VqaW1hcy1NZWx5bmEtaXItR2VsdG9uYS5wbmciLCJzbGlkZXNob3ciOiI3NWYyYzRkMCJ9\" href=\"https:\/\/kkf.lt\/wp-content\/uploads\/2022\/05\/Mokejimas-Melyna-ir-Geltona.png\"><figure class=\"swiper-slide-inner\"><img decoding=\"async\" class=\"swiper-slide-image\" src=\"https:\/\/kkf.lt\/wp-content\/uploads\/2022\/05\/Mokejimas-Melyna-ir-Geltona.png\" alt=\"Mok\u0117jimo pavedimas\" \/><\/figure><\/a><\/div><div class=\"swiper-slide\" role=\"group\" aria-roledescription=\"slide\" aria-label=\"3 of 5\"><a data-elementor-open-lightbox=\"yes\" data-elementor-lightbox-slideshow=\"75f2c4d0\" data-elementor-lightbox-title=\"Mok\u0117jimas - 2022-04-19T154512.272\" data-e-action-hash=\"#elementor-action%3Aaction%3Dlightbox%26settings%3DeyJpZCI6NDczNywidXJsIjoiaHR0cHM6XC9cL2trZi5sdFwvd3AtY29udGVudFwvdXBsb2Fkc1wvMjAyMlwvMDRcL01va2VqaW1hcy0yMDIyLTA0LTE5VDE1NDUxMi4yNzIucG5nIiwic2xpZGVzaG93IjoiNzVmMmM0ZDAifQ%3D%3D\" href=\"https:\/\/kkf.lt\/wp-content\/uploads\/2022\/04\/Mokejimas-2022-04-19T154512.272.png\"><figure class=\"swiper-slide-inner\"><img decoding=\"async\" class=\"swiper-slide-image\" src=\"https:\/\/kkf.lt\/wp-content\/uploads\/2022\/04\/Mokejimas-2022-04-19T154512.272.png\" alt=\"Mok\u0117jimo pavedimas\" \/><\/figure><\/a><\/div><div class=\"swiper-slide\" role=\"group\" aria-roledescription=\"slide\" aria-label=\"4 of 5\"><a data-elementor-open-lightbox=\"yes\" data-elementor-lightbox-slideshow=\"75f2c4d0\" data-elementor-lightbox-title=\"Mok\u0117jimas - m\u0117lyna ir geltona-07-07\" data-e-action-hash=\"#elementor-action%3Aaction%3Dlightbox%26settings%3DeyJpZCI6NDk3OSwidXJsIjoiaHR0cHM6XC9cL2trZi5sdFwvd3AtY29udGVudFwvdXBsb2Fkc1wvMjAyMlwvMDdcL01va2VqaW1hcy1tZWx5bmEtaXItZ2VsdG9uYS0wNy0wNy5wbmciLCJzbGlkZXNob3ciOiI3NWYyYzRkMCJ9\" href=\"https:\/\/kkf.lt\/wp-content\/uploads\/2022\/07\/Mokejimas-melyna-ir-geltona-07-07.png\"><figure class=\"swiper-slide-inner\"><img decoding=\"async\" class=\"swiper-slide-image\" src=\"https:\/\/kkf.lt\/wp-content\/uploads\/2022\/07\/Mokejimas-melyna-ir-geltona-07-07.png\" alt=\"Mok\u0117jimo pavedimas\" \/><\/figure><\/a><\/div><div class=\"swiper-slide\" role=\"group\" aria-roledescription=\"slide\" aria-label=\"5 of 5\"><a data-elementor-open-lightbox=\"yes\" data-elementor-lightbox-slideshow=\"75f2c4d0\" data-elementor-lightbox-title=\"Mokejimas-Melyna-geltona-2022-09-21\" data-e-action-hash=\"#elementor-action%3Aaction%3Dlightbox%26settings%3DeyJpZCI6NTExMCwidXJsIjoiaHR0cHM6XC9cL2trZi5sdFwvd3AtY29udGVudFwvdXBsb2Fkc1wvMjAyMlwvMTBcL01va2VqaW1hcy1NZWx5bmEtZ2VsdG9uYS0yMDIyLTA5LTIxLmpwZyIsInNsaWRlc2hvdyI6Ijc1ZjJjNGQwIn0%3D\" href=\"https:\/\/kkf.lt\/wp-content\/uploads\/2022\/10\/Mokejimas-Melyna-geltona-2022-09-21.jpg\"><figure class=\"swiper-slide-inner\"><img decoding=\"async\" class=\"swiper-slide-image\" src=\"https:\/\/kkf.lt\/wp-content\/uploads\/2022\/10\/Mokejimas-Melyna-geltona-2022-09-21.jpg\" alt=\"Mok\u0117jimo pavedimas\" \/><\/figure><\/a><\/div>\t\t\t<\/div>\n\t\t\t\t\t\t\t\t\t\t\t\t<div class=\"elementor-swiper-button elementor-swiper-button-prev\" role=\"button\" tabindex=\"0\">\n\t\t\t\t\t\t<i aria-hidden=\"true\" class=\"eicon-chevron-left\"><\/i>\t\t\t\t\t<\/div>\n\t\t\t\t\t<div class=\"elementor-swiper-button elementor-swiper-button-next\" role=\"button\" tabindex=\"0\">\n\t\t\t\t\t\t<i aria-hidden=\"true\" class=\"eicon-chevron-right\"><\/i>\t\t\t\t\t<\/div>\n\t\t\t\t\n\t\t\t\t\t\t\t\t\t<div class=\"swiper-pagination\"><\/div>\n\t\t\t\t\t\t\t\t\t<\/div>\n\t\t\t\t\t\t<\/div>\n\t\t\t\t<\/div>\n\t\t\t\t<div class=\"elementor-element elementor-element-36ce2882 elementor-widget elementor-widget-spacer\" data-id=\"36ce2882\" data-element_type=\"widget\" data-e-type=\"widget\" data-widget_type=\"spacer.default\">\n\t\t\t\t<div class=\"elementor-widget-container\">\n\t\t\t\t\t\t\t<div class=\"elementor-spacer\">\n\t\t\t<div class=\"elementor-spacer-inner\"><\/div>\n\t\t<\/div>\n\t\t\t\t\t\t<\/div>\n\t\t\t\t<\/div>\n\t\t\t\t\t<\/div>\n\t\t<\/div>\n\t\t\t\t\t<\/div>\n\t\t<\/section>\n\t\t\t\t<\/div>\n\t\t","protected":false},"excerpt":{"rendered":"<p>Support for the Ukrainian people Support for the Ukrainian people Updated: 2022-10-05 Copies of transfers: Previous Next<\/p>\n","protected":false},"author":3552,"featured_media":0,"parent":0,"menu_order":0,"comment_status":"closed","ping_status":"closed","template":"","meta":{"_acf_changed":false,"footnotes":""},"class_list":["post-4678","page","type-page","status-publish"],"acf":[],"yoast_head":"<!-- This site is optimized with the Yoast SEO plugin v27.1.1 - https:\/\/yoast.com\/product\/yoast-seo-wordpress\/ -->\n<title>K\u0117daini\u0173 Konservai \u2013 visada truput\u0117l\u012f daugiau!<\/title>\n<meta name=\"robots\" content=\"index, follow, max-snippet:-1, max-image-preview:large, max-video-preview:-1\" \/>\n<link rel=\"canonical\" href=\"https:\/\/kkf.lt\/en\/transfers\/\" \/>\n<meta property=\"og:locale\" content=\"en_US\" \/>\n<meta property=\"og:type\" content=\"article\" \/>\n<meta property=\"og:title\" content=\"K\u0117daini\u0173 Konservai \u2013 visada truput\u0117l\u012f daugiau!\" \/>\n<meta property=\"og:description\" content=\"Support for the Ukrainian people Support for the Ukrainian people Updated: 2022-10-05 Copies of transfers: Previous Next\" \/>\n<meta property=\"og:url\" content=\"https:\/\/kkf.lt\/en\/transfers\/\" \/>\n<meta property=\"og:site_name\" content=\"KKF\" \/>\n<meta property=\"article:publisher\" content=\"https:\/\/www.facebook.com\/KedainiuKonservai\" \/>\n<meta property=\"article:modified_time\" content=\"2022-10-05T18:51:24+00:00\" \/>\n<meta property=\"og:image\" content=\"https:\/\/kkf.lt\/wp-content\/uploads\/2023\/05\/Fabrikas-About-us-min2.jpg\" \/>\n\t<meta property=\"og:image:width\" content=\"1540\" \/>\n\t<meta property=\"og:image:height\" content=\"1100\" \/>\n\t<meta property=\"og:image:type\" content=\"image\/jpeg\" \/>\n<meta name=\"twitter:card\" content=\"summary_large_image\" \/>\n<meta name=\"twitter:label1\" content=\"Est. reading time\" \/>\n\t<meta name=\"twitter:data1\" content=\"2 minutes\" \/>\n<script type=\"application\/ld+json\" class=\"yoast-schema-graph\">{\"@context\":\"https:\/\/schema.org\",\"@graph\":[{\"@type\":\"WebPage\",\"@id\":\"https:\/\/kkf.lt\/en\/transfers\/\",\"url\":\"https:\/\/kkf.lt\/en\/transfers\/\",\"name\":\"K\u0117daini\u0173 Konservai \u2013 visada truput\u0117l\u012f daugiau!\",\"isPartOf\":{\"@id\":\"https:\/\/kkf.lt\/en\/#website\"},\"datePublished\":\"2022-04-15T10:10:22+00:00\",\"dateModified\":\"2022-10-05T18:51:24+00:00\",\"breadcrumb\":{\"@id\":\"https:\/\/kkf.lt\/en\/transfers\/#breadcrumb\"},\"inLanguage\":\"en-US\",\"potentialAction\":[{\"@type\":\"ReadAction\",\"target\":[\"https:\/\/kkf.lt\/en\/transfers\/\"]}]},{\"@type\":\"BreadcrumbList\",\"@id\":\"https:\/\/kkf.lt\/en\/transfers\/#breadcrumb\",\"itemListElement\":[{\"@type\":\"ListItem\",\"position\":1,\"name\":\"Home\",\"item\":\"https:\/\/kkf.lt\/en\/\"},{\"@type\":\"ListItem\",\"position\":2,\"name\":\"Transfers\"}]},{\"@type\":\"WebSite\",\"@id\":\"https:\/\/kkf.lt\/en\/#website\",\"url\":\"https:\/\/kkf.lt\/en\/\",\"name\":\"KKF\",\"description\":\"always a little more!\",\"publisher\":{\"@id\":\"https:\/\/kkf.lt\/en\/#organization\"},\"potentialAction\":[{\"@type\":\"SearchAction\",\"target\":{\"@type\":\"EntryPoint\",\"urlTemplate\":\"https:\/\/kkf.lt\/en\/?s={search_term_string}\"},\"query-input\":{\"@type\":\"PropertyValueSpecification\",\"valueRequired\":true,\"valueName\":\"search_term_string\"}}],\"inLanguage\":\"en-US\"},{\"@type\":\"Organization\",\"@id\":\"https:\/\/kkf.lt\/en\/#organization\",\"name\":\"K\u0117daini\u0173 konserv\u0173 fabrikas\",\"url\":\"https:\/\/kkf.lt\/en\/\",\"logo\":{\"@type\":\"ImageObject\",\"inLanguage\":\"en-US\",\"@id\":\"https:\/\/kkf.lt\/en\/#\/schema\/logo\/image\/\",\"url\":\"https:\/\/kkf.lt\/wp-content\/uploads\/2020\/05\/logo.png\",\"contentUrl\":\"https:\/\/kkf.lt\/wp-content\/uploads\/2020\/05\/logo.png\",\"width\":600,\"height\":600,\"caption\":\"K\u0117daini\u0173 konserv\u0173 fabrikas\"},\"image\":{\"@id\":\"https:\/\/kkf.lt\/en\/#\/schema\/logo\/image\/\"},\"sameAs\":[\"https:\/\/www.facebook.com\/KedainiuKonservai\",\"https:\/\/www.instagram.com\/kedainiu_konservai\/\",\"https:\/\/www.linkedin.com\/company\/kedainiu-konservu-fabrikas\/\"]}]}<\/script>\n<!-- \/ Yoast SEO plugin. -->","yoast_head_json":{"title":"K\u0117daini\u0173 Konservai \u2013 visada truput\u0117l\u012f daugiau!","robots":{"index":"index","follow":"follow","max-snippet":"max-snippet:-1","max-image-preview":"max-image-preview:large","max-video-preview":"max-video-preview:-1"},"canonical":"https:\/\/kkf.lt\/en\/transfers\/","og_locale":"en_US","og_type":"article","og_title":"K\u0117daini\u0173 Konservai \u2013 visada truput\u0117l\u012f daugiau!","og_description":"Support for the Ukrainian people Support for the Ukrainian people Updated: 2022-10-05 Copies of transfers: Previous Next","og_url":"https:\/\/kkf.lt\/en\/transfers\/","og_site_name":"KKF","article_publisher":"https:\/\/www.facebook.com\/KedainiuKonservai","article_modified_time":"2022-10-05T18:51:24+00:00","og_image":[{"width":1540,"height":1100,"url":"https:\/\/kkf.lt\/wp-content\/uploads\/2023\/05\/Fabrikas-About-us-min2.jpg","type":"image\/jpeg"}],"twitter_card":"summary_large_image","twitter_misc":{"Est. reading time":"2 minutes"},"schema":{"@context":"https:\/\/schema.org","@graph":[{"@type":"WebPage","@id":"https:\/\/kkf.lt\/en\/transfers\/","url":"https:\/\/kkf.lt\/en\/transfers\/","name":"K\u0117daini\u0173 Konservai \u2013 visada truput\u0117l\u012f daugiau!","isPartOf":{"@id":"https:\/\/kkf.lt\/en\/#website"},"datePublished":"2022-04-15T10:10:22+00:00","dateModified":"2022-10-05T18:51:24+00:00","breadcrumb":{"@id":"https:\/\/kkf.lt\/en\/transfers\/#breadcrumb"},"inLanguage":"en-US","potentialAction":[{"@type":"ReadAction","target":["https:\/\/kkf.lt\/en\/transfers\/"]}]},{"@type":"BreadcrumbList","@id":"https:\/\/kkf.lt\/en\/transfers\/#breadcrumb","itemListElement":[{"@type":"ListItem","position":1,"name":"Home","item":"https:\/\/kkf.lt\/en\/"},{"@type":"ListItem","position":2,"name":"Transfers"}]},{"@type":"WebSite","@id":"https:\/\/kkf.lt\/en\/#website","url":"https:\/\/kkf.lt\/en\/","name":"KKF","description":"always a little more!","publisher":{"@id":"https:\/\/kkf.lt\/en\/#organization"},"potentialAction":[{"@type":"SearchAction","target":{"@type":"EntryPoint","urlTemplate":"https:\/\/kkf.lt\/en\/?s={search_term_string}"},"query-input":{"@type":"PropertyValueSpecification","valueRequired":true,"valueName":"search_term_string"}}],"inLanguage":"en-US"},{"@type":"Organization","@id":"https:\/\/kkf.lt\/en\/#organization","name":"K\u0117daini\u0173 konserv\u0173 fabrikas","url":"https:\/\/kkf.lt\/en\/","logo":{"@type":"ImageObject","inLanguage":"en-US","@id":"https:\/\/kkf.lt\/en\/#\/schema\/logo\/image\/","url":"https:\/\/kkf.lt\/wp-content\/uploads\/2020\/05\/logo.png","contentUrl":"https:\/\/kkf.lt\/wp-content\/uploads\/2020\/05\/logo.png","width":600,"height":600,"caption":"K\u0117daini\u0173 konserv\u0173 fabrikas"},"image":{"@id":"https:\/\/kkf.lt\/en\/#\/schema\/logo\/image\/"},"sameAs":["https:\/\/www.facebook.com\/KedainiuKonservai","https:\/\/www.instagram.com\/kedainiu_konservai\/","https:\/\/www.linkedin.com\/company\/kedainiu-konservu-fabrikas\/"]}]}},"_links":{"self":[{"href":"https:\/\/kkf.lt\/en\/wp-json\/wp\/v2\/pages\/4678","targetHints":{"allow":["GET"]}}],"collection":[{"href":"https:\/\/kkf.lt\/en\/wp-json\/wp\/v2\/pages"}],"about":[{"href":"https:\/\/kkf.lt\/en\/wp-json\/wp\/v2\/types\/page"}],"author":[{"embeddable":true,"href":"https:\/\/kkf.lt\/en\/wp-json\/wp\/v2\/users\/3552"}],"replies":[{"embeddable":true,"href":"https:\/\/kkf.lt\/en\/wp-json\/wp\/v2\/comments?post=4678"}],"version-history":[{"count":25,"href":"https:\/\/kkf.lt\/en\/wp-json\/wp\/v2\/pages\/4678\/revisions"}],"predecessor-version":[{"id":5131,"href":"https:\/\/kkf.lt\/en\/wp-json\/wp\/v2\/pages\/4678\/revisions\/5131"}],"wp:attachment":[{"href":"https:\/\/kkf.lt\/en\/wp-json\/wp\/v2\/media?parent=4678"}],"curies":[{"name":"wp","href":"https:\/\/api.w.org\/{rel}","templated":true}]}}