{"id":4169,"date":"2021-04-21T15:26:30","date_gmt":"2021-04-21T12:26:30","guid":{"rendered":"https:\/\/kkf.lt\/naujienos\/"},"modified":"2025-09-29T15:36:01","modified_gmt":"2025-09-29T12:36:01","slug":"news","status":"publish","type":"page","link":"https:\/\/kkf.lt\/en\/news\/","title":{"rendered":"News"},"content":{"rendered":"\t\t<div data-elementor-type=\"wp-page\" data-elementor-id=\"4169\" class=\"elementor elementor-4169 elementor-3729\" data-elementor-post-type=\"page\">\n\t\t\t\t\t\t<section class=\"elementor-section elementor-top-section elementor-element elementor-element-6769b64 elementor-section-height-min-height recipes-top-banner elementor-section-boxed elementor-section-height-default elementor-section-items-middle\" data-id=\"6769b64\" data-element_type=\"section\" data-e-type=\"section\">\n\t\t\t\t\t\t<div class=\"elementor-container elementor-column-gap-no\">\n\t\t\t\t\t<div class=\"elementor-column elementor-col-100 elementor-top-column elementor-element elementor-element-b226c7b\" data-id=\"b226c7b\" data-element_type=\"column\" data-e-type=\"column\">\n\t\t\t<div class=\"elementor-widget-wrap elementor-element-populated\">\n\t\t\t\t\t\t<section class=\"elementor-section elementor-inner-section elementor-element elementor-element-a4ecaf0 elementor-section-height-min-height elementor-section-boxed elementor-section-height-default\" data-id=\"a4ecaf0\" data-element_type=\"section\" data-e-type=\"section\">\n\t\t\t\t\t\t<div class=\"elementor-container elementor-column-gap-default\">\n\t\t\t\t\t<div class=\"elementor-column elementor-col-50 elementor-inner-column elementor-element elementor-element-cfef606 first_col\" data-id=\"cfef606\" data-element_type=\"column\" data-e-type=\"column\">\n\t\t\t<div class=\"elementor-widget-wrap elementor-element-populated\">\n\t\t\t\t\t\t<div class=\"elementor-element elementor-element-aa8be70 elementor-widget elementor-widget-heading\" data-id=\"aa8be70\" data-element_type=\"widget\" data-e-type=\"widget\" data-widget_type=\"heading.default\">\n\t\t\t\t<div class=\"elementor-widget-container\">\n\t\t\t\t\t<h2 class=\"elementor-heading-title elementor-size-default\">Always a little more<\/h2>\t\t\t\t<\/div>\n\t\t\t\t<\/div>\n\t\t\t\t\t<\/div>\n\t\t<\/div>\n\t\t\t\t<div class=\"elementor-column elementor-col-50 elementor-inner-column elementor-element elementor-element-f5c03df second_col elementor-hidden-phone\" data-id=\"f5c03df\" data-element_type=\"column\" data-e-type=\"column\">\n\t\t\t<div class=\"elementor-widget-wrap elementor-element-populated\">\n\t\t\t\t\t\t<div class=\"elementor-element elementor-element-ca41a94 elementor-widget elementor-widget-image\" data-id=\"ca41a94\" data-element_type=\"widget\" data-e-type=\"widget\" data-widget_type=\"image.default\">\n\t\t\t\t<div class=\"elementor-widget-container\">\n\t\t\t\t\t\t\t\t\t\t\t\t\t\t\t<img fetchpriority=\"high\" decoding=\"async\" width=\"1024\" height=\"684\" src=\"https:\/\/kkf.lt\/wp-content\/uploads\/2021\/03\/Kedainiu_konservai_receptai-1-1024x684.jpg\" class=\"attachment-large size-large wp-image-2865\" alt=\"\" srcset=\"https:\/\/kkf.lt\/wp-content\/uploads\/2021\/03\/Kedainiu_konservai_receptai-1-1024x684.jpg 1024w, https:\/\/kkf.lt\/wp-content\/uploads\/2021\/03\/Kedainiu_konservai_receptai-1-300x200.jpg 300w, https:\/\/kkf.lt\/wp-content\/uploads\/2021\/03\/Kedainiu_konservai_receptai-1-768x513.jpg 768w, https:\/\/kkf.lt\/wp-content\/uploads\/2021\/03\/Kedainiu_konservai_receptai-1-1536x1026.jpg 1536w, https:\/\/kkf.lt\/wp-content\/uploads\/2021\/03\/Kedainiu_konservai_receptai-1-2048x1368.jpg 2048w\" sizes=\"(max-width: 1024px) 100vw, 1024px\" \/>\t\t\t\t\t\t\t\t\t\t\t\t\t\t\t<\/div>\n\t\t\t\t<\/div>\n\t\t\t\t\t<\/div>\n\t\t<\/div>\n\t\t\t\t\t<\/div>\n\t\t<\/section>\n\t\t\t\t\t<\/div>\n\t\t<\/div>\n\t\t\t\t\t<\/div>\n\t\t<\/section>\n\t\t\t\t<section class=\"elementor-section elementor-top-section elementor-element elementor-element-7005240c elementor-section-boxed elementor-section-height-default elementor-section-height-default\" data-id=\"7005240c\" data-element_type=\"section\" data-e-type=\"section\">\n\t\t\t\t\t\t<div class=\"elementor-container elementor-column-gap-default\">\n\t\t\t\t\t<div class=\"elementor-column elementor-col-100 elementor-top-column elementor-element elementor-element-58922ad0\" data-id=\"58922ad0\" data-element_type=\"column\" data-e-type=\"column\">\n\t\t\t<div class=\"elementor-widget-wrap elementor-element-populated\">\n\t\t\t\t\t\t<div class=\"elementor-element elementor-element-1903578e elementor-widget elementor-widget-heading\" data-id=\"1903578e\" data-element_type=\"widget\" data-e-type=\"widget\" data-widget_type=\"heading.default\">\n\t\t\t\t<div class=\"elementor-widget-container\">\n\t\t\t\t\t<h3 class=\"elementor-heading-title elementor-size-default\">News<\/h3>\t\t\t\t<\/div>\n\t\t\t\t<\/div>\n\t\t\t\t\t<\/div>\n\t\t<\/div>\n\t\t\t\t\t<\/div>\n\t\t<\/section>\n\t\t\t\t<section class=\"elementor-section elementor-top-section elementor-element elementor-element-68fe4a8 elementor-section-boxed elementor-section-height-default elementor-section-height-default\" data-id=\"68fe4a8\" data-element_type=\"section\" data-e-type=\"section\">\n\t\t\t\t\t\t<div class=\"elementor-container elementor-column-gap-no\">\n\t\t\t\t\t<div class=\"elementor-column elementor-col-100 elementor-top-column elementor-element elementor-element-f816d2e\" data-id=\"f816d2e\" data-element_type=\"column\" data-e-type=\"column\">\n\t\t\t<div class=\"elementor-widget-wrap elementor-element-populated\">\n\t\t\t\t\t\t<div class=\"elementor-element elementor-element-f4e6145 elementor-widget elementor-widget-heading\" data-id=\"f4e6145\" data-element_type=\"widget\" data-e-type=\"widget\" data-widget_type=\"heading.default\">\n\t\t\t\t<div class=\"elementor-widget-container\">\n\t\t\t\t\t<h3 class=\"elementor-heading-title elementor-size-default\">View our products<\/h3>\t\t\t\t<\/div>\n\t\t\t\t<\/div>\n\t\t\t\t<div class=\"elementor-element elementor-element-de4f4ba elementor-widget elementor-widget-shortcode\" data-id=\"de4f4ba\" data-element_type=\"widget\" data-e-type=\"widget\" data-widget_type=\"shortcode.default\">\n\t\t\t\t<div class=\"elementor-widget-container\">\n\t\t\t\t\t\t\t<div class=\"elementor-shortcode\">\n<div class=\"kkf-see-more-products\">\n\t\n\t\n\t\n\t\n\t\n\t\n\t<div class=\"single\">\n\t\t\t\t<div class=\"image\"><a href=\"https:\/\/kkf.lt\/en\/product-category\/preserves-jams\/\"><img decoding=\"async\" src=\"https:\/\/kkf.lt\/wp-content\/uploads\/2021\/04\/Kedainiu_konservai_kategorija_saldus_2021-2.png\" alt=\"Preserves &amp; jams\"><\/a><\/div>\n\t\t\t\t<div class=\"title\"><a href=\"https:\/\/kkf.lt\/en\/product-category\/preserves-jams\/\"><h4>Preserves &amp; jams<\/h4><\/a><\/div>\n\t\t<div class=\"buttons\"><a href=\"https:\/\/kkf.lt\/en\/product-category\/preserves-jams\/\" class=\"btnkkf grey\">Open<\/a><\/div>\n\t<\/div>\n<\/div>\n\n\n<script>\njQuery(document).ready(function(){\n    jQuery('.kkf-see-more-products').slick({\n        infinite: true,\n        dots: true,\n        autoplay: true,\n        autoplaySpeed: 5000,\n        slidesToShow: 3,\n        slidesToScroll: 2,\n        responsive: [\n            {\n            breakpoint: 1050,\n            settings: {\n                slidesToShow: 2,\n                slidesToScroll: 1,\n                infinite: true,\n                dots: true,\n                arrows: false,\n            }\n            },\n            {\n            breakpoint: 700,\n            settings: {\n                slidesToShow: 1,\n                slidesToScroll: 1,\n                arrows: false,\n            }\n            }\n            \/\/ You can unslick at a given breakpoint now by adding:\n            \/\/ settings: \"unslick\"\n            \/\/ instead of a settings object\n        ]\n\n\n\n    });\n});\n<\/script><\/div>\n\t\t\t\t\t\t<\/div>\n\t\t\t\t<\/div>\n\t\t\t\t\t<\/div>\n\t\t<\/div>\n\t\t\t\t\t<\/div>\n\t\t<\/section>\n\t\t\t\t<\/div>\n\t\t","protected":false},"excerpt":{"rendered":"<p>Always a little more News View our products<\/p>\n","protected":false},"author":3552,"featured_media":0,"parent":0,"menu_order":0,"comment_status":"closed","ping_status":"closed","template":"","meta":{"_acf_changed":false,"footnotes":""},"class_list":["post-4169","page","type-page","status-publish"],"acf":[],"yoast_head":"<!-- This site is optimized with the Yoast SEO plugin v27.1.1 - https:\/\/yoast.com\/product\/yoast-seo-wordpress\/ -->\n<title>Naujienos - K\u0117daini\u0173 Konservai<\/title>\n<meta name=\"robots\" content=\"index, follow, max-snippet:-1, max-image-preview:large, max-video-preview:-1\" \/>\n<link rel=\"canonical\" href=\"https:\/\/kkf.lt\/en\/news\/\" \/>\n<meta property=\"og:locale\" content=\"en_US\" \/>\n<meta property=\"og:type\" content=\"article\" \/>\n<meta property=\"og:title\" content=\"Naujienos - K\u0117daini\u0173 Konservai\" \/>\n<meta property=\"og:description\" content=\"Always a little more News View our products\" \/>\n<meta property=\"og:url\" content=\"https:\/\/kkf.lt\/en\/news\/\" \/>\n<meta property=\"og:site_name\" content=\"KKF\" \/>\n<meta property=\"article:publisher\" content=\"https:\/\/www.facebook.com\/KedainiuKonservai\" \/>\n<meta property=\"article:modified_time\" content=\"2025-09-29T12:36:01+00:00\" \/>\n<meta property=\"og:image\" content=\"https:\/\/kkf.lt\/wp-content\/uploads\/2023\/05\/Fabrikas-About-us-min2.jpg\" \/>\n\t<meta property=\"og:image:width\" content=\"1540\" \/>\n\t<meta property=\"og:image:height\" content=\"1100\" \/>\n\t<meta property=\"og:image:type\" content=\"image\/jpeg\" \/>\n<meta name=\"twitter:card\" content=\"summary_large_image\" \/>\n<meta name=\"twitter:label1\" content=\"Est. reading time\" \/>\n\t<meta name=\"twitter:data1\" content=\"3 minutes\" \/>\n<script type=\"application\/ld+json\" class=\"yoast-schema-graph\">{\"@context\":\"https:\/\/schema.org\",\"@graph\":[{\"@type\":\"WebPage\",\"@id\":\"https:\/\/kkf.lt\/en\/news\/\",\"url\":\"https:\/\/kkf.lt\/en\/news\/\",\"name\":\"Naujienos - K\u0117daini\u0173 Konservai\",\"isPartOf\":{\"@id\":\"https:\/\/kkf.lt\/en\/#website\"},\"datePublished\":\"2021-04-21T12:26:30+00:00\",\"dateModified\":\"2025-09-29T12:36:01+00:00\",\"breadcrumb\":{\"@id\":\"https:\/\/kkf.lt\/en\/news\/#breadcrumb\"},\"inLanguage\":\"en-US\",\"potentialAction\":[{\"@type\":\"ReadAction\",\"target\":[\"https:\/\/kkf.lt\/en\/news\/\"]}]},{\"@type\":\"BreadcrumbList\",\"@id\":\"https:\/\/kkf.lt\/en\/news\/#breadcrumb\",\"itemListElement\":[{\"@type\":\"ListItem\",\"position\":1,\"name\":\"Home\",\"item\":\"https:\/\/kkf.lt\/en\/\"},{\"@type\":\"ListItem\",\"position\":2,\"name\":\"News\"}]},{\"@type\":\"WebSite\",\"@id\":\"https:\/\/kkf.lt\/en\/#website\",\"url\":\"https:\/\/kkf.lt\/en\/\",\"name\":\"KKF\",\"description\":\"always a little more!\",\"publisher\":{\"@id\":\"https:\/\/kkf.lt\/en\/#organization\"},\"potentialAction\":[{\"@type\":\"SearchAction\",\"target\":{\"@type\":\"EntryPoint\",\"urlTemplate\":\"https:\/\/kkf.lt\/en\/?s={search_term_string}\"},\"query-input\":{\"@type\":\"PropertyValueSpecification\",\"valueRequired\":true,\"valueName\":\"search_term_string\"}}],\"inLanguage\":\"en-US\"},{\"@type\":\"Organization\",\"@id\":\"https:\/\/kkf.lt\/en\/#organization\",\"name\":\"K\u0117daini\u0173 konserv\u0173 fabrikas\",\"url\":\"https:\/\/kkf.lt\/en\/\",\"logo\":{\"@type\":\"ImageObject\",\"inLanguage\":\"en-US\",\"@id\":\"https:\/\/kkf.lt\/en\/#\/schema\/logo\/image\/\",\"url\":\"https:\/\/kkf.lt\/wp-content\/uploads\/2020\/05\/logo.png\",\"contentUrl\":\"https:\/\/kkf.lt\/wp-content\/uploads\/2020\/05\/logo.png\",\"width\":600,\"height\":600,\"caption\":\"K\u0117daini\u0173 konserv\u0173 fabrikas\"},\"image\":{\"@id\":\"https:\/\/kkf.lt\/en\/#\/schema\/logo\/image\/\"},\"sameAs\":[\"https:\/\/www.facebook.com\/KedainiuKonservai\",\"https:\/\/www.instagram.com\/kedainiu_konservai\/\",\"https:\/\/www.linkedin.com\/company\/kedainiu-konservu-fabrikas\/\"]}]}<\/script>\n<!-- \/ Yoast SEO plugin. -->","yoast_head_json":{"title":"Naujienos - K\u0117daini\u0173 Konservai","robots":{"index":"index","follow":"follow","max-snippet":"max-snippet:-1","max-image-preview":"max-image-preview:large","max-video-preview":"max-video-preview:-1"},"canonical":"https:\/\/kkf.lt\/en\/news\/","og_locale":"en_US","og_type":"article","og_title":"Naujienos - K\u0117daini\u0173 Konservai","og_description":"Always a little more News View our products","og_url":"https:\/\/kkf.lt\/en\/news\/","og_site_name":"KKF","article_publisher":"https:\/\/www.facebook.com\/KedainiuKonservai","article_modified_time":"2025-09-29T12:36:01+00:00","og_image":[{"width":1540,"height":1100,"url":"https:\/\/kkf.lt\/wp-content\/uploads\/2023\/05\/Fabrikas-About-us-min2.jpg","type":"image\/jpeg"}],"twitter_card":"summary_large_image","twitter_misc":{"Est. reading time":"3 minutes"},"schema":{"@context":"https:\/\/schema.org","@graph":[{"@type":"WebPage","@id":"https:\/\/kkf.lt\/en\/news\/","url":"https:\/\/kkf.lt\/en\/news\/","name":"Naujienos - K\u0117daini\u0173 Konservai","isPartOf":{"@id":"https:\/\/kkf.lt\/en\/#website"},"datePublished":"2021-04-21T12:26:30+00:00","dateModified":"2025-09-29T12:36:01+00:00","breadcrumb":{"@id":"https:\/\/kkf.lt\/en\/news\/#breadcrumb"},"inLanguage":"en-US","potentialAction":[{"@type":"ReadAction","target":["https:\/\/kkf.lt\/en\/news\/"]}]},{"@type":"BreadcrumbList","@id":"https:\/\/kkf.lt\/en\/news\/#breadcrumb","itemListElement":[{"@type":"ListItem","position":1,"name":"Home","item":"https:\/\/kkf.lt\/en\/"},{"@type":"ListItem","position":2,"name":"News"}]},{"@type":"WebSite","@id":"https:\/\/kkf.lt\/en\/#website","url":"https:\/\/kkf.lt\/en\/","name":"KKF","description":"always a little more!","publisher":{"@id":"https:\/\/kkf.lt\/en\/#organization"},"potentialAction":[{"@type":"SearchAction","target":{"@type":"EntryPoint","urlTemplate":"https:\/\/kkf.lt\/en\/?s={search_term_string}"},"query-input":{"@type":"PropertyValueSpecification","valueRequired":true,"valueName":"search_term_string"}}],"inLanguage":"en-US"},{"@type":"Organization","@id":"https:\/\/kkf.lt\/en\/#organization","name":"K\u0117daini\u0173 konserv\u0173 fabrikas","url":"https:\/\/kkf.lt\/en\/","logo":{"@type":"ImageObject","inLanguage":"en-US","@id":"https:\/\/kkf.lt\/en\/#\/schema\/logo\/image\/","url":"https:\/\/kkf.lt\/wp-content\/uploads\/2020\/05\/logo.png","contentUrl":"https:\/\/kkf.lt\/wp-content\/uploads\/2020\/05\/logo.png","width":600,"height":600,"caption":"K\u0117daini\u0173 konserv\u0173 fabrikas"},"image":{"@id":"https:\/\/kkf.lt\/en\/#\/schema\/logo\/image\/"},"sameAs":["https:\/\/www.facebook.com\/KedainiuKonservai","https:\/\/www.instagram.com\/kedainiu_konservai\/","https:\/\/www.linkedin.com\/company\/kedainiu-konservu-fabrikas\/"]}]}},"_links":{"self":[{"href":"https:\/\/kkf.lt\/en\/wp-json\/wp\/v2\/pages\/4169","targetHints":{"allow":["GET"]}}],"collection":[{"href":"https:\/\/kkf.lt\/en\/wp-json\/wp\/v2\/pages"}],"about":[{"href":"https:\/\/kkf.lt\/en\/wp-json\/wp\/v2\/types\/page"}],"author":[{"embeddable":true,"href":"https:\/\/kkf.lt\/en\/wp-json\/wp\/v2\/users\/3552"}],"replies":[{"embeddable":true,"href":"https:\/\/kkf.lt\/en\/wp-json\/wp\/v2\/comments?post=4169"}],"version-history":[{"count":14,"href":"https:\/\/kkf.lt\/en\/wp-json\/wp\/v2\/pages\/4169\/revisions"}],"predecessor-version":[{"id":6851,"href":"https:\/\/kkf.lt\/en\/wp-json\/wp\/v2\/pages\/4169\/revisions\/6851"}],"wp:attachment":[{"href":"https:\/\/kkf.lt\/en\/wp-json\/wp\/v2\/media?parent=4169"}],"curies":[{"name":"wp","href":"https:\/\/api.w.org\/{rel}","templated":true}]}}